{"id":2294,"date":"2024-08-26T13:14:18","date_gmt":"2024-08-26T19:14:18","guid":{"rendered":"https:\/\/biocleaning.mx\/tienda\/?post_type=product&#038;p=2294"},"modified":"2024-08-27T10:20:38","modified_gmt":"2024-08-27T16:20:38","slug":"detergente-lava-trastes-con-humectante-limon-5-lts","status":"publish","type":"product","link":"https:\/\/biocleaning.mx\/tienda\/producto\/detergente-lava-trastes-con-humectante-limon-5-lts\/","title":{"rendered":"Detergente Lava-Trastes, con humectante (Lim\u00f3n)"},"content":{"rendered":"<p>Limpiador suave dise\u00f1ado para el cuidado de fibras y telas.<br \/>\nRemueve las manchas m\u00e1s comunes.<br \/>\nGenera poca espuma lo que facilita su remoci\u00f3n. Modo de empleo:<br \/>\nLavado Manual: Rociar el producto con la ayuda de un atomizador sobre la superficie a tratar dej\u00e1ndolo actuar durante 5 minutos.<br \/>\nM\u00e1quina Lavado: Verter el producto sin diluir en el dep\u00f3sito de la m\u00e1quina y seguir las instrucciones del fabricante de la misma.<\/p>\n","protected":false},"excerpt":{"rendered":"<p>Detergente Lava-Trastes, con humectante (Lim\u00f3n)<\/p>\n","protected":false},"featured_media":2213,"comment_status":"open","ping_status":"closed","template":"","meta":{"_uag_custom_page_level_css":"","site-sidebar-layout":"default","site-content-layout":"","ast-site-content-layout":"default","site-content-style":"default","site-sidebar-style":"default","ast-global-header-display":"","ast-banner-title-visibility":"","ast-main-header-display":"","ast-hfb-above-header-display":"","ast-hfb-below-header-display":"","ast-hfb-mobile-header-display":"","site-post-title":"","ast-breadcrumbs-content":"","ast-featured-img":"","footer-sml-layout":"","theme-transparent-header-meta":"default","adv-header-id-meta":"","stick-header-meta":"","header-above-stick-meta":"","header-main-stick-meta":"","header-below-stick-meta":"","astra-migrate-meta-layouts":"set","ast-page-background-enabled":"default","ast-page-background-meta":{"desktop":{"background-color":"var(--ast-global-color-4)","background-image":"","background-repeat":"repeat","background-position":"center center","background-size":"auto","background-attachment":"scroll","background-type":"","background-media":"","overlay-type":"","overlay-color":"","overlay-opacity":"","overlay-gradient":""},"tablet":{"background-color":"","background-image":"","background-repeat":"repeat","background-position":"center center","background-size":"auto","background-attachment":"scroll","background-type":"","background-media":"","overlay-type":"","overlay-color":"","overlay-opacity":"","overlay-gradient":""},"mobile":{"background-color":"","background-image":"","background-repeat":"repeat","background-position":"center center","background-size":"auto","background-attachment":"scroll","background-type":"","background-media":"","overlay-type":"","overlay-color":"","overlay-opacity":"","overlay-gradient":""}},"ast-content-background-meta":{"desktop":{"background-color":"var(--ast-global-color-5)","background-image":"","background-repeat":"repeat","background-position":"center center","background-size":"auto","background-attachment":"scroll","background-type":"","background-media":"","overlay-type":"","overlay-color":"","overlay-opacity":"","overlay-gradient":""},"tablet":{"background-color":"var(--ast-global-color-5)","background-image":"","background-repeat":"repeat","background-position":"center center","background-size":"auto","background-attachment":"scroll","background-type":"","background-media":"","overlay-type":"","overlay-color":"","overlay-opacity":"","overlay-gradient":""},"mobile":{"background-color":"var(--ast-global-color-5)","background-image":"","background-repeat":"repeat","background-position":"center center","background-size":"auto","background-attachment":"scroll","background-type":"","background-media":"","overlay-type":"","overlay-color":"","overlay-opacity":"","overlay-gradient":""}}},"product_cat":[29],"product_tag":[],"class_list":{"0":"post-2294","1":"product","2":"type-product","3":"status-publish","4":"has-post-thumbnail","6":"product_cat-productos","7":"desktop-align-left","8":"tablet-align-left","9":"mobile-align-left","11":"first","12":"instock","13":"taxable","14":"shipping-taxable","15":"purchasable","16":"product-type-variable"},"uagb_featured_image_src":{"full":["https:\/\/biocleaning.mx\/tienda\/wp-content\/uploads\/2024\/07\/LAVATRASTES-1.jpg",832,832,false],"thumbnail":["https:\/\/biocleaning.mx\/tienda\/wp-content\/uploads\/2024\/07\/LAVATRASTES-1-150x150.jpg",150,150,true],"medium":["https:\/\/biocleaning.mx\/tienda\/wp-content\/uploads\/2024\/07\/LAVATRASTES-1-300x300.jpg",300,300,true],"medium_large":["https:\/\/biocleaning.mx\/tienda\/wp-content\/uploads\/2024\/07\/LAVATRASTES-1-768x768.jpg",768,768,true],"large":["https:\/\/biocleaning.mx\/tienda\/wp-content\/uploads\/2024\/07\/LAVATRASTES-1.jpg",832,832,false],"1536x1536":["https:\/\/biocleaning.mx\/tienda\/wp-content\/uploads\/2024\/07\/LAVATRASTES-1.jpg",832,832,false],"2048x2048":["https:\/\/biocleaning.mx\/tienda\/wp-content\/uploads\/2024\/07\/LAVATRASTES-1.jpg",832,832,false],"woocommerce_thumbnail":["https:\/\/biocleaning.mx\/tienda\/wp-content\/uploads\/2024\/07\/LAVATRASTES-1-200x200.jpg",200,200,true],"woocommerce_single":["https:\/\/biocleaning.mx\/tienda\/wp-content\/uploads\/2024\/07\/LAVATRASTES-1-200x200.jpg",200,200,true],"woocommerce_gallery_thumbnail":["https:\/\/biocleaning.mx\/tienda\/wp-content\/uploads\/2024\/07\/LAVATRASTES-1-100x100.jpg",100,100,true]},"uagb_author_info":{"display_name":"admin","author_link":"https:\/\/biocleaning.mx\/tienda\/author\/"},"uagb_comment_info":0,"uagb_excerpt":"Detergente Lava-Trastes, con humectante (Lim\u00f3n)","_links":{"self":[{"href":"https:\/\/biocleaning.mx\/tienda\/wp-json\/wp\/v2\/product\/2294","targetHints":{"allow":["GET"]}}],"collection":[{"href":"https:\/\/biocleaning.mx\/tienda\/wp-json\/wp\/v2\/product"}],"about":[{"href":"https:\/\/biocleaning.mx\/tienda\/wp-json\/wp\/v2\/types\/product"}],"replies":[{"embeddable":true,"href":"https:\/\/biocleaning.mx\/tienda\/wp-json\/wp\/v2\/comments?post=2294"}],"wp:featuredmedia":[{"embeddable":true,"href":"https:\/\/biocleaning.mx\/tienda\/wp-json\/wp\/v2\/media\/2213"}],"wp:attachment":[{"href":"https:\/\/biocleaning.mx\/tienda\/wp-json\/wp\/v2\/media?parent=2294"}],"wp:term":[{"taxonomy":"product_cat","embeddable":true,"href":"https:\/\/biocleaning.mx\/tienda\/wp-json\/wp\/v2\/product_cat?post=2294"},{"taxonomy":"product_tag","embeddable":true,"href":"https:\/\/biocleaning.mx\/tienda\/wp-json\/wp\/v2\/product_tag?post=2294"}],"curies":[{"name":"wp","href":"https:\/\/api.w.org\/{rel}","templated":true}]}}