{"id":2269,"date":"2024-08-26T11:46:28","date_gmt":"2024-08-26T17:46:28","guid":{"rendered":"https:\/\/biocleaning.mx\/tienda\/?post_type=product&#038;p=2269"},"modified":"2024-08-27T11:08:51","modified_gmt":"2024-08-27T17:08:51","slug":"multilimpiador-frescura-frutal-5-lts","status":"publish","type":"product","link":"https:\/\/biocleaning.mx\/tienda\/producto\/multilimpiador-frescura-frutal-5-lts\/","title":{"rendered":"Multilimpiador Frescura Frutal"},"content":{"rendered":"<p><img loading=\"lazy\" decoding=\"async\" class=\"alignnone size-medium wp-image-2256\" src=\"https:\/\/biocleaning.mx\/tienda\/wp-content\/uploads\/2024\/08\/Multilimpiador-Frescura-Total-300x300.png\" alt=\"\" width=\"300\" height=\"300\" srcset=\"https:\/\/biocleaning.mx\/tienda\/wp-content\/uploads\/2024\/08\/Multilimpiador-Frescura-Total-300x300.png 300w, https:\/\/biocleaning.mx\/tienda\/wp-content\/uploads\/2024\/08\/Multilimpiador-Frescura-Total-150x150.png 150w, https:\/\/biocleaning.mx\/tienda\/wp-content\/uploads\/2024\/08\/Multilimpiador-Frescura-Total-200x200.png 200w, https:\/\/biocleaning.mx\/tienda\/wp-content\/uploads\/2024\/08\/Multilimpiador-Frescura-Total-100x100.png 100w, https:\/\/biocleaning.mx\/tienda\/wp-content\/uploads\/2024\/08\/Multilimpiador-Frescura-Total.png 512w\" sizes=\"auto, (max-width: 300px) 100vw, 300px\" \/><\/p>\n","protected":false},"excerpt":{"rendered":"<p>El limpiador de pisos es un magn\u00edfico producto que permite dejar los pisos con un acabado uniforme y reluciente. Su concentrado aroma proporciona una sensaci\u00f3n de frescura y limpieza profunda. Ideal para la limpieza diaria de pisos de m\u00e1rmol, terrazo, granito y materiales sint\u00e9ticos por ser un detergente suave. Es un producto BIODEGRADABLE.<\/p>\n","protected":false},"featured_media":2256,"comment_status":"open","ping_status":"closed","template":"","meta":{"_uag_custom_page_level_css":"","site-sidebar-layout":"default","site-content-layout":"","ast-site-content-layout":"default","site-content-style":"default","site-sidebar-style":"default","ast-global-header-display":"","ast-banner-title-visibility":"","ast-main-header-display":"","ast-hfb-above-header-display":"","ast-hfb-below-header-display":"","ast-hfb-mobile-header-display":"","site-post-title":"","ast-breadcrumbs-content":"","ast-featured-img":"","footer-sml-layout":"","theme-transparent-header-meta":"default","adv-header-id-meta":"","stick-header-meta":"","header-above-stick-meta":"","header-main-stick-meta":"","header-below-stick-meta":"","astra-migrate-meta-layouts":"set","ast-page-background-enabled":"default","ast-page-background-meta":{"desktop":{"background-color":"var(--ast-global-color-4)","background-image":"","background-repeat":"repeat","background-position":"center center","background-size":"auto","background-attachment":"scroll","background-type":"","background-media":"","overlay-type":"","overlay-color":"","overlay-opacity":"","overlay-gradient":""},"tablet":{"background-color":"","background-image":"","background-repeat":"repeat","background-position":"center center","background-size":"auto","background-attachment":"scroll","background-type":"","background-media":"","overlay-type":"","overlay-color":"","overlay-opacity":"","overlay-gradient":""},"mobile":{"background-color":"","background-image":"","background-repeat":"repeat","background-position":"center center","background-size":"auto","background-attachment":"scroll","background-type":"","background-media":"","overlay-type":"","overlay-color":"","overlay-opacity":"","overlay-gradient":""}},"ast-content-background-meta":{"desktop":{"background-color":"var(--ast-global-color-5)","background-image":"","background-repeat":"repeat","background-position":"center center","background-size":"auto","background-attachment":"scroll","background-type":"","background-media":"","overlay-type":"","overlay-color":"","overlay-opacity":"","overlay-gradient":""},"tablet":{"background-color":"var(--ast-global-color-5)","background-image":"","background-repeat":"repeat","background-position":"center center","background-size":"auto","background-attachment":"scroll","background-type":"","background-media":"","overlay-type":"","overlay-color":"","overlay-opacity":"","overlay-gradient":""},"mobile":{"background-color":"var(--ast-global-color-5)","background-image":"","background-repeat":"repeat","background-position":"center center","background-size":"auto","background-attachment":"scroll","background-type":"","background-media":"","overlay-type":"","overlay-color":"","overlay-opacity":"","overlay-gradient":""}}},"product_cat":[29],"product_tag":[],"class_list":{"0":"post-2269","1":"product","2":"type-product","3":"status-publish","4":"has-post-thumbnail","6":"product_cat-productos","7":"desktop-align-left","8":"tablet-align-left","9":"mobile-align-left","11":"first","12":"instock","13":"taxable","14":"shipping-taxable","15":"purchasable","16":"product-type-variable"},"uagb_featured_image_src":{"full":["https:\/\/biocleaning.mx\/tienda\/wp-content\/uploads\/2024\/08\/Multilimpiador-Frescura-Total.png",512,512,false],"thumbnail":["https:\/\/biocleaning.mx\/tienda\/wp-content\/uploads\/2024\/08\/Multilimpiador-Frescura-Total-150x150.png",150,150,true],"medium":["https:\/\/biocleaning.mx\/tienda\/wp-content\/uploads\/2024\/08\/Multilimpiador-Frescura-Total-300x300.png",300,300,true],"medium_large":["https:\/\/biocleaning.mx\/tienda\/wp-content\/uploads\/2024\/08\/Multilimpiador-Frescura-Total.png",512,512,false],"large":["https:\/\/biocleaning.mx\/tienda\/wp-content\/uploads\/2024\/08\/Multilimpiador-Frescura-Total.png",512,512,false],"1536x1536":["https:\/\/biocleaning.mx\/tienda\/wp-content\/uploads\/2024\/08\/Multilimpiador-Frescura-Total.png",512,512,false],"2048x2048":["https:\/\/biocleaning.mx\/tienda\/wp-content\/uploads\/2024\/08\/Multilimpiador-Frescura-Total.png",512,512,false],"woocommerce_thumbnail":["https:\/\/biocleaning.mx\/tienda\/wp-content\/uploads\/2024\/08\/Multilimpiador-Frescura-Total-200x200.png",200,200,true],"woocommerce_single":["https:\/\/biocleaning.mx\/tienda\/wp-content\/uploads\/2024\/08\/Multilimpiador-Frescura-Total-200x200.png",200,200,true],"woocommerce_gallery_thumbnail":["https:\/\/biocleaning.mx\/tienda\/wp-content\/uploads\/2024\/08\/Multilimpiador-Frescura-Total-100x100.png",100,100,true]},"uagb_author_info":{"display_name":"admin","author_link":"https:\/\/biocleaning.mx\/tienda\/author\/"},"uagb_comment_info":0,"uagb_excerpt":"El limpiador de pisos es un magn\u00edfico producto que permite dejar los pisos con un acabado uniforme y reluciente. Su concentrado aroma proporciona una sensaci\u00f3n de frescura y limpieza profunda. Ideal para la limpieza diaria de pisos de m\u00e1rmol, terrazo, granito y materiales sint\u00e9ticos por ser un detergente suave. Es un producto BIODEGRADABLE.","_links":{"self":[{"href":"https:\/\/biocleaning.mx\/tienda\/wp-json\/wp\/v2\/product\/2269","targetHints":{"allow":["GET"]}}],"collection":[{"href":"https:\/\/biocleaning.mx\/tienda\/wp-json\/wp\/v2\/product"}],"about":[{"href":"https:\/\/biocleaning.mx\/tienda\/wp-json\/wp\/v2\/types\/product"}],"replies":[{"embeddable":true,"href":"https:\/\/biocleaning.mx\/tienda\/wp-json\/wp\/v2\/comments?post=2269"}],"wp:featuredmedia":[{"embeddable":true,"href":"https:\/\/biocleaning.mx\/tienda\/wp-json\/wp\/v2\/media\/2256"}],"wp:attachment":[{"href":"https:\/\/biocleaning.mx\/tienda\/wp-json\/wp\/v2\/media?parent=2269"}],"wp:term":[{"taxonomy":"product_cat","embeddable":true,"href":"https:\/\/biocleaning.mx\/tienda\/wp-json\/wp\/v2\/product_cat?post=2269"},{"taxonomy":"product_tag","embeddable":true,"href":"https:\/\/biocleaning.mx\/tienda\/wp-json\/wp\/v2\/product_tag?post=2269"}],"curies":[{"name":"wp","href":"https:\/\/api.w.org\/{rel}","templated":true}]}}